{"id":7697,"date":"2021-03-28T13:49:50","date_gmt":"2021-03-28T11:49:50","guid":{"rendered":"https:\/\/intrahooffit.de\/?post_type=product&#038;p=7697"},"modified":"2024-10-04T03:46:56","modified_gmt":"2024-10-04T01:46:56","slug":"klauwverzorgingsbox","status":"publish","type":"product","link":"https:\/\/intrahooffit.de\/de\/dutch-hoof-care-dhc\/klauwverzorgingsbox\/","title":{"rendered":"Elektrischer Klauenflegekasten"},"content":{"rendered":"<p>Vollst\u00e4ndig\u00a0<strong>Elektrischer Krallenpflegekasten<\/strong>\u00a0ist \u00e4u\u00dferst solide, einfach zu bedienen und f\u00fcr die idealste Arbeitsumgebung gebaut. Die Box wurde dank langj\u00e4hriger Praxiserfahrung entwickelt.<\/p>\n<ul>\n<li>Solide selbstschlie\u00dfende T\u00fcr, kann nach vorne und hinten ge\u00f6ffnet werden<\/li>\n<li>Die T\u00fcrsteuerung kann auf beiden Seiten angebracht werden<\/li>\n<li>Erh\u00f6hter Rand zur Verhinderung des Verschiebens der Vorderbeine<\/li>\n<li>Kunststoffring zum Schutz vor Verschlei\u00df der Seile<\/li>\n<li>Horizontale und h\u00f6henverstellbare vordere Beinst\u00fctzen<\/li>\n<li>Elektrische Winde f\u00fcr hintere Beine<\/li>\n<li>Breites Bauchband mit 2 elektrischen Winden<\/li>\n<li>Ergonomischer, weil die Kuh h\u00f6her steht<\/li>\n<li>Hintere Strebe zur Fixierung des hinteren Beines<\/li>\n<li>2 Z\u00e4une auf jeder Seite der Box zur F\u00fchrung der Kuh<\/li>\n<li>Sicherheitsschalter<\/li>\n<li>Zentraler Not-Aus<\/li>\n<li>5 Elektromotoren<\/li>\n<li>Gewicht: 600kg (exkl. Werkzeugtr\u00e4ger mit Steckdose und LED-Lampe, exkl. Gummimatte)<\/li>\n<\/ul>\n<h2>Optionale Erg\u00e4nzung zur Hufpflegebox:<\/h2>\n<ul>\n<li>Eine Gummimatte auf dem Boden.<\/li>\n<li>Transportachse.<\/li>\n<li>Hebesatz mit Umlenkrolle verdoppelt die Kapazit\u00e4t des Elektromotors von 350 kg auf 700 kg pro Motor.<\/li>\n<li>Service-Arm mit Lampe und Buchse f\u00fcr Head-fit Gel und Flex<\/li>\n<li>Zus\u00e4tzlicher Montagewinkel zur Befestigung der Klaue des hinteren Beins in der Mitte.<\/li>\n<\/ul>\n<p>&nbsp;<\/p>\n<p>Auch erh\u00e4ltlich bei: <a href=\"https:\/\/agriservicejeuken.de\/winkel\/elektrische-klauwbekapbox\/\" target=\"_blank\" rel=\"noopener\">agriservicejeuken.de<\/a><\/p>\n<p>&nbsp;<\/p>","protected":false},"excerpt":{"rendered":"<p>Die Complete Electric Claw Care Box ist \u00e4u\u00dferst solide, einfach zu bedienen und f\u00fcr eine ideale Arbeitsumgebung gebaut. Die Box wurde dank langj\u00e4hriger Praxiserfahrung entwickelt.<\/p>","protected":false},"featured_media":7703,"comment_status":"open","ping_status":"closed","template":"","meta":[],"product_brand":[],"product_cat":[97],"product_tag":[98,99],"class_list":{"0":"post-7697","1":"product","2":"type-product","3":"status-publish","4":"has-post-thumbnail","6":"product_cat-dutch-hoof-care-dhc","7":"product_tag-hoefverzorging","8":"product_tag-hoefverzorgingbox","9":"product_shipping_class-750-kg-of-meer","11":"first","12":"instock","13":"taxable","14":"shipping-taxable","15":"purchasable","16":"product-type-simple"},"_links":{"self":[{"href":"https:\/\/intrahooffit.de\/de\/wp-json\/wp\/v2\/product\/7697","targetHints":{"allow":["GET"]}}],"collection":[{"href":"https:\/\/intrahooffit.de\/de\/wp-json\/wp\/v2\/product"}],"about":[{"href":"https:\/\/intrahooffit.de\/de\/wp-json\/wp\/v2\/types\/product"}],"replies":[{"embeddable":true,"href":"https:\/\/intrahooffit.de\/de\/wp-json\/wp\/v2\/comments?post=7697"}],"wp:featuredmedia":[{"embeddable":true,"href":"https:\/\/intrahooffit.de\/de\/wp-json\/wp\/v2\/media\/7703"}],"wp:attachment":[{"href":"https:\/\/intrahooffit.de\/de\/wp-json\/wp\/v2\/media?parent=7697"}],"wp:term":[{"taxonomy":"product_brand","embeddable":true,"href":"https:\/\/intrahooffit.de\/de\/wp-json\/wp\/v2\/product_brand?post=7697"},{"taxonomy":"product_cat","embeddable":true,"href":"https:\/\/intrahooffit.de\/de\/wp-json\/wp\/v2\/product_cat?post=7697"},{"taxonomy":"product_tag","embeddable":true,"href":"https:\/\/intrahooffit.de\/de\/wp-json\/wp\/v2\/product_tag?post=7697"}],"curies":[{"name":"wp","href":"https:\/\/api.w.org\/{rel}","templated":true}]}}