{"id":6676,"date":"2021-03-30T15:53:28","date_gmt":"2021-03-30T13:53:28","guid":{"rendered":"https:\/\/intrahooffit.de\/?post_type=product&#038;p=6676"},"modified":"2024-10-04T03:46:56","modified_gmt":"2024-10-04T01:46:56","slug":"intra-bath","status":"publish","type":"product","link":"https:\/\/intrahooffit.de\/de\/bath\/intra-bath\/","title":{"rendered":"Intra Bath komplett mit Grill"},"content":{"rendered":"<h2>Die Intra Bath mit Edelstahlgitter komplett ist eine moderne Klauenwanne f\u00fcr Milchk\u00fche.<\/h2>\n<p>Ein Klauenbad ist unerl\u00e4sslich, um Klauenprobleme bei Milchk\u00fchen so weit wie m\u00f6glich zu vermeiden. Durch die Verwendung des Fu\u00dfbads mit einem schmalen Gitter wird das Fu\u00dfbad weniger verschmutzt, da der Kot und andere Stoffe durch das Gitter fallen und nicht in das Bad gelangen. Das Ergebnis ist eine geringere Verschmutzung, was bedeutet, dass Sie viel weniger Produkt ben\u00f6tigen.<\/p>\n<h3>Das Fu\u00dfbad mit Edelstahl-Mittelrost, ist ein revolution\u00e4res Klauenbad.<\/h3>\n<p>Viele Milchviehhalter verwenden ein Fu\u00dfbad, um Klauenprobleme bei Milchk\u00fchen so weit wie m\u00f6glich zu vermeiden. Durch die Verwendung des Intra Bath mit Mittelgitter wird das Fu\u00dfbad weniger verschmutzt; 60% des Kots f\u00e4llt durch das Gitter und gelangt nicht in das Bad. Dies f\u00fchrt zu einer geringeren Verschmutzung und es wird viel weniger Produkt ben\u00f6tigt.<\/p>\n<p><strong>Vorteile des Intra Bath aus Edelstahl mit Mittelgrill:<\/strong><br \/>\nDas Bad ist einfach zu handhaben, leicht zu entleeren und zu bef\u00fcllen.<br \/>\nDas Bad besteht aus 3 Teilen: 2 schmalen Kunststoffwannen und einem Mittelrost aus Edelstahl.<br \/>\nDie Wannen haben eine Gr\u00f6\u00dfe von jeweils 233cm mal 32,5cm und ein Fassungsverm\u00f6gen von 80 Litern.<\/p>\n<div class=\"video-container\"><iframe title=\"Quill Productions - Intra Hoof-fit Fu\u00dfbad\" width=\"1170\" height=\"658\" src=\"https:\/\/www.youtube.com\/embed\/E_O8N9xMNvU?feature=oembed\" frameborder=\"0\" allow=\"accelerometer; autoplay; clipboard-write; encrypted-media; gyroscope; picture-in-picture\" allowfullscreen><\/iframe><\/div>\n<p>\u00dcber Intra Bath Edelstahl mit Mittelgrill:<\/p>\n<p>Weniger Verschmutzung: Das zentrale Gitter verhindert, dass mehr als 60% des Schlamms in das Bad f\u00e4llt.<br \/>\nEinfache Handhabung: Der Intra Bath ist einfach zu handhaben, leicht zu bewegen, zu bef\u00fcllen, zu reinigen und zu entleeren.<br \/>\nKosteneffektiv: Das Intra Bath enth\u00e4lt \u00fcber 35% weniger Volumen im Vergleich zu einem herk\u00f6mmlichen Bad, daher wird viel weniger Produkt zur Behandlung der Hufe ben\u00f6tigt.<\/p>\n<p><em>Umweltfreundlicher: Es wird weniger Produkt zur Behandlung der Hufe ben\u00f6tigt.<\/em><\/p>\n<p>&nbsp;<\/p>\n<h6><em>Produzent: <a href=\"https:\/\/www.intracare.nl\/\" target=\"_blank\" rel=\"noopener\">Intra Pflege<\/a><\/em><\/h6>\n<p><em>\u00a0<\/em><\/p>","protected":false},"excerpt":{"rendered":"<p>Die Intra Bath mit Edelstahlgitter, ist eine moderne Klauenwanne f\u00fcr Milchk\u00fche. Ein Klauenbad ist unerl\u00e4sslich, um Klauenprobleme bei Milchk\u00fchen so weit wie m\u00f6glich zu vermeiden. Durch die Verwendung des Fu\u00dfbades mit einem schmalen Gitter wird das Fu\u00dfbad weniger verschmutzt, da der Kot und andere Stoffe durch das Gitter fallen und nicht in das Bad gelangen. Das Ergebnis ist eine geringere Verschmutzung, was bedeutet, dass Sie viel weniger Produkt ben\u00f6tigen.<\/p>","protected":false},"featured_media":6664,"comment_status":"open","ping_status":"closed","template":"","meta":[],"product_brand":[],"product_cat":[64,50],"product_tag":[],"class_list":{"0":"post-6676","1":"product","2":"type-product","3":"status-publish","4":"has-post-thumbnail","6":"product_cat-bath","7":"product_cat-intra-hoof-fit","8":"product_shipping_class-levering-groot","10":"first","11":"instock","12":"taxable","13":"shipping-taxable","14":"purchasable","15":"product-type-simple"},"_links":{"self":[{"href":"https:\/\/intrahooffit.de\/de\/wp-json\/wp\/v2\/product\/6676","targetHints":{"allow":["GET"]}}],"collection":[{"href":"https:\/\/intrahooffit.de\/de\/wp-json\/wp\/v2\/product"}],"about":[{"href":"https:\/\/intrahooffit.de\/de\/wp-json\/wp\/v2\/types\/product"}],"replies":[{"embeddable":true,"href":"https:\/\/intrahooffit.de\/de\/wp-json\/wp\/v2\/comments?post=6676"}],"wp:featuredmedia":[{"embeddable":true,"href":"https:\/\/intrahooffit.de\/de\/wp-json\/wp\/v2\/media\/6664"}],"wp:attachment":[{"href":"https:\/\/intrahooffit.de\/de\/wp-json\/wp\/v2\/media?parent=6676"}],"wp:term":[{"taxonomy":"product_brand","embeddable":true,"href":"https:\/\/intrahooffit.de\/de\/wp-json\/wp\/v2\/product_brand?post=6676"},{"taxonomy":"product_cat","embeddable":true,"href":"https:\/\/intrahooffit.de\/de\/wp-json\/wp\/v2\/product_cat?post=6676"},{"taxonomy":"product_tag","embeddable":true,"href":"https:\/\/intrahooffit.de\/de\/wp-json\/wp\/v2\/product_tag?post=6676"}],"curies":[{"name":"wp","href":"https:\/\/api.w.org\/{rel}","templated":true}]}}